{"id":3096,"date":"2023-06-09T15:33:53","date_gmt":"2023-06-09T12:33:53","guid":{"rendered":"https:\/\/pre.cdev.ee\/fundehitus\/privaatsustingimused\/"},"modified":"2023-12-05T11:13:36","modified_gmt":"2023-12-05T09:13:36","slug":"privaatsustingimused","status":"publish","type":"page","link":"https:\/\/fundehitus.ee\/ru\/privaatsustingimused\/","title":{"rendered":"\u0423\u0441\u043b\u043e\u0432\u0438\u044f \u043f\u0440\u0438\u0432\u0430\u0442\u043d\u043e\u0441\u0442\u0438"},"content":{"rendered":"<p><strong>PRIVAATSUSTINGIMUSED<\/strong><\/p>\n<p>Tere tulemast tutvuma meie privaatsustingimustega. Palun tutvuge meie privaatsustingimustega p\u00f5hjalikult enne meile isikuandmete edastamist ning meiega lepingute s\u00f5lmimist. Meie privaatsustingimused on meiega s\u00f5lmitavate lepingute lahutamatuks osaks.<\/p>\n<p>K\u00e4esolevates privaatsustingimustes kirjeldame, kuidas O\u00dc Fund Ehitus ja meie gruppi kuuluvad ettev\u00f5tted t\u00f6\u00f6tlevad Teie isikuandmeid. Isikuandmete t\u00f6\u00f6tlemisel j\u00e4rgime isikuandmete t\u00f6\u00f6tlemise p\u00f5him\u00f5tteid koosk\u00f5las kehtivate \u00f5igusaktidega, sh isikuandmete kaitse \u00fcldm\u00e4\u00e4rusega (Euroopa Parlamendi ja n\u00f5ukogu m\u00e4\u00e4rus (EL) 2016\/679) ning tagame sealhulgas selle, et meiepoolne isikuandmete t\u00f6\u00f6tlemine on seaduslik, \u00f5iglane ja andmesubjektile l\u00e4bipaistev ning t\u00f6\u00f6tleme neid viisil, mis tagab asjakohase turvalisuse.<\/p>\n<p>Isikuandmed on igasugune teave tuvastatud v\u00f5i tuvastatava f\u00fc\u00fcsilise isiku kohta. T\u00f6\u00f6tlemine on isikuandmetega tehtav toiming nagu kogumine, dokumenteerimine, korrastamine, struktureerimine, s\u00e4ilitamine, kohandamine ja muutmine, p\u00e4ringute tegemine, lugemine, kasutamine, edastamise, levitamise v\u00f5i muul moel k\u00e4ttesaadavaks tegemise teel avalikustamine, \u00fchitamine v\u00f5i \u00fchendamine, piiramine, kustutamine v\u00f5i h\u00e4vitamine.<\/p>\n<p>Andmesubjekt on f\u00fc\u00fcsiline isik, kelle isikuandmeid me t\u00f6\u00f6tleme. Andmesubjektid v\u00f5ivad olla n\u00e4iteks meie f\u00fc\u00fcsilisest isikust kliendid, veebilehtede k\u00fclastajad, t\u00f6\u00f6le kandideerijad v\u00f5i muud isikud, kes meie poole p\u00f6\u00f6rduvad. Privaatsustingimustes on andmesubjektile viidatud ka kui \u201eTeie&#8221;.<\/p>\n<p>1. <strong>Vastutav t\u00f6\u00f6tleja<\/strong><br \/>\nVastutav t\u00f6\u00f6tleja on isik, kes m\u00e4\u00e4rab kindlaks isikuandmete t\u00f6\u00f6tlemise eesm\u00e4rgid ja vahendid. K\u00e4esolevate privaatsustingimuste t\u00e4henduses on vastutavaks t\u00f6\u00f6tlejaks O\u00dc Fund Ehitus v\u00f5i m\u00f5ni teine Fund Ehituse gruppi kuuluv \u00fching v\u00f5i sidus\u00fching (Fund Asset O\u00dc ja selle t\u00fctarettev\u00f5tted).<\/p>\n<p>Fund Ehitus O\u00dc kontaktandmed:<\/p>\n<p>Veerenni 40a,<br \/>\n10138 Tallinn<br \/>\ntel +372 680 0190<br \/>\n<a href=\"mailto:info@fundehitus.ee\">info@fundehitus.ee<\/a><\/p>\n<p>2. <strong>Isikuandmete t\u00f6\u00f6tlemise \u00f5iguslik alus ja eesm\u00e4rk<\/strong><\/p>\n<p>T\u00f6\u00f6tleme Teie isikuandmeid \u00fcksnes \u00f5iguslikul alusel, eelk\u00f5ige Teiega s\u00f5lmitud lepingu t\u00e4itmiseks, aga ka seoses lepingu s\u00f5lmimisele eelnevate meetmete v\u00f5tmiseks vastavalt Teie taotlusele.<\/p>\n<p>Samuti v\u00f5ime t\u00f6\u00f6delda Teie isikuandmeid olukordades, kus meil on Teie isikuandmete t\u00f6\u00f6tlemiseks \u00f5igustatud huvi (nt kaitsta oma \u00f5igusi seoses Teiega s\u00f5lmitud lepingutega), v\u00e4lja arvatud juhul, kui sellise huvi kaaluvad \u00fcles Teie huvid v\u00f5i p\u00f5hi\u00f5igused ja &#8211; vabadused, mille nimel tuleb kaitsta Teie isikuandmeid. Lisaks on meil \u00f5igus t\u00f6\u00f6delda Teie isikuandmeid Teilt eraldi k\u00fcsitud n\u00f5usoleku alusel.<\/p>\n<p>Teie isikuandmete t\u00f6\u00f6tlemise peamiseks eesm\u00e4rgiks meiega s\u00f5lmitavate lepingute, eelk\u00f5ige kinnisvara m\u00fc\u00fcgilepingute ettevalmistamine, s\u00f5lmimine ja t\u00e4itmine ning Teie taotlusel Teile pakkumiste tegemine.<\/p>\n<p>Lisaks t\u00f6\u00f6tleme Teie isikuandmeid eesm\u00e4rgiga t\u00e4ita meie seadusest tulenevaid kohustusi, sh raamatupidamiskohustus, maksuaruandluskohustus jt.<\/p>\n<p>T\u00f6\u00f6le v\u00f5i praktikale kandideerija andmete t\u00f6\u00f6tlemise eesm\u00e4rk on hinnata kandidaadi t\u00f6\u00f6alast sobivust vastavale ametikohale.<\/p>\n<p>3.<strong> Kogutavad isikuandmed<\/strong><br \/>\nKogume isikuandmeid, mida olete meile ise edastanud kas e-posti, telefoni, veebilehe teel v\u00f5i meiega toimunud kohtumisel v\u00f5i muul \u00fcritusel, ning andmeid, mida olete edastanud kolmandatele isikutele, kellel on \u00f5igus meile andmed edastada (nt notarid).Meie kogutavad isikuandmed v\u00f5ivad muu hulgas sisaldada j\u00e4rgmisi andmeid ja nende muudatusi: ees- ja perekonnanimi, isikukood, telefoninumber, e-posti aadress, postiaadress, meiega s\u00f5lmitavates lepingus sisalduvad andmed, sealhulgas teave m\u00fc\u00fcgiobjekti kohta ning teave perekonnaseisu kohta.T\u00f6\u00f6le v\u00f5i praktikale kandideerimisel on t\u00f6\u00f6deldavateks andmeteks Teie avaldatud andmed ja avalikest allikatest kogutud teave. Lisaks v\u00f5ime k\u00fcsida andmeid, milleks meil on t\u00e4idetava ametikoha n\u00f5uetest tulenevalt \u00f5igustatud huvi. Eeldame, et kandidaadi poolt soovitajatena nimetatud isikutega v\u00f5ime v\u00f5tta \u00fchendust.<\/p>\n<p>4. <strong>Isikuandmete edastamine<\/strong><br \/>\nEdastame Teie isikuandmeid \u00fcksnes ulatuses ja vormis, mis on vajalik andmete t\u00f6\u00f6tlemise eesm\u00e4rgi t\u00e4itmiseks, eelk\u00f5ige Teiega lepingute s\u00f5lmimiseks v\u00f5i s\u00f5lmitud lepingute t\u00e4itmiseks. Kinnisvara m\u00fc\u00fcgilepingute puhul avaldame andmed lepingut ettevalmistavale notarib\u00fcroole ning m\u00fc\u00fcgiobjekti haldavatele isikutele (kinnisvara hooldus- ja haldusettev\u00f5tted). Vajaduse korral on meil on \u00f5igus edastada Teie isikuandmeid ka meie volitatud t\u00f6\u00f6tlejatele, kellel on andmetele ligip\u00e4\u00e4s vajalik meile teenuse osutamiseks (raamatupidamisettev\u00f5tted, v\u00f5lgade sissen\u00f5udmise teenust osutavad ettev\u00f5tted).<br \/>\nLisaks on meil kohustus edastada isikuandmed sellistele kolmandatele isikutele (nt maksuhaldurid, audiitorid v\u00f5i muud ametiisikud, kohus), kellele andmete avaldamiskohustus tuleneb seadusest.<\/p>\n<p>Andmeid t\u00f6\u00f6deldakse ja s\u00e4ilitatakse Euroopa Liidu territooriumil.<\/p>\n<p>5.<strong> Isikuandmete s\u00e4ilitamise aeg<\/strong><br \/>\nS\u00e4ilitame Teie isikuandmeid \u00fcksnes niikaua, kuni see on vajalik andmete t\u00f6\u00f6tlemise eesm\u00e4rgi saavutamiseks v\u00f5i meie \u00f5igustatud huvist (sh oma \u00f5iguste kaitsmise eesm\u00e4rgil), nt Teiega s\u00f5lmitud lepingute puhul s\u00e4ilitame Teie isikuandmeid v\u00e4hemalt kuni lepingust tulenevate n\u00f5uete aegumise t\u00e4htaja l\u00f5puni. \u00dcldjuhul s\u00e4ilitame andmeid 5 aastat, kui \u00f5igusaktidest ei tulene pikemat s\u00e4ilitamise kohustust. T\u00f6\u00f6le v\u00f5i praktikale kandideerimisel s\u00e4ilitame Teie CV-sid 1 aasta p\u00e4rast \u00e4ra\u00fctlevat otsust.Teie isikuandmete s\u00e4ilitamise t\u00e4htaja puhul j\u00e4rgime \u00f5igusaktidest tulenevaid n\u00f5udeid ja piiranguid, nt raamatupidamisdokumentides sisalduvaid isikuandmeid s\u00e4ilitame 7 aastat.<\/p>\n<p>6.<strong> Teie \u00f5igused seoses oma isikuandmetega<\/strong><br \/>\nTeil on \u00f5igus:<\/p>\n<p>&#8211; taotleda juurdep\u00e4\u00e4su Teie kohta k\u00e4ivatele isikuandmetele; n\u00f5uda andmete parandamist;<br \/>\n&#8211; n\u00f5uda andmete kustutamist;<br \/>\n&#8211; piirata isikuandmete t\u00f6\u00f6tlemist;<br \/>\n&#8211; esitada vastuv\u00e4iteid isikuandmete t\u00f6\u00f6tlemisele;<br \/>\n&#8211; n\u00f5uda isikuandmete \u00fclekandmist;<br \/>\n&#8211; \u00f5igus, et Teie kohta ei v\u00f5etaks vastu otsust, mis p\u00f5hineb\u00a0automatiseeritud t\u00f6\u00f6tlusel;<br \/>\n&#8211; n\u00f5usoleku tagasiv\u00f5tmisele;<br \/>\nesitada kaebus andmekaitse j\u00e4relevalveasutusele (<a href=\"http:\/\/www.aki.ee\" target=\"_blank\" rel=\"noopener\">www.aki.ee<\/a>).<\/p>\n<p>Juhul, kui soovite oma andmete t\u00f6\u00f6tlemise l\u00f5petamist, teavet andmete kasutamise kohta ning andmete edastamist endale v\u00f5i kolmandale isikule \u00fcldkasutatavas vormingus, p\u00f6\u00f6rduge palun vastava taotlusega meie poole \u00fclal m\u00e4rgitud kontaktidel. V\u00e4ltimaks Teie andmete ja \u00f5iguste v\u00e4\u00e4rkasutust, palume v\u00f5imalusel edastada taotlus digitaalselt allkirjastatud v\u00f5i meie asukohas isiklikult allkirjastatud vormis. Vastame Teie taotlusele m\u00f5istliku aja jooksul.<\/p>\n<p>7.<strong> Privaatsustingimuste muutmine<\/strong><\/p>\n<p>V\u00f5ime teha oma privaatsustingimustes aegajalt muudatusi. Ajakohased privaatsustingimused on avaldatud meie kodulehel <a href=\"http:\/\/www.fundehitus.ee\" target=\"_blank\" rel=\"noopener\">www.fundehitus.ee<\/a>.<\/p>\n<p><strong>K\u00dcPSISED<\/strong><\/p>\n<p>Meie veebilehed kasutavad k\u00fcpsiseid pakutavate teenuste kvaliteedi parandamiseks. K\u00fcpsis on v\u00e4ike tekstifail, mida see veebileht salvestab teie seadmesse interneti-\u00fchenduse kaudu. N\u00e4iteks kasutatakse k\u00fcpsist, et eristada kasutajaid \u00fcksteisest ja parandada seel\u00e4bi veebilehe k\u00fclastaja kasutajakogemust. M\u00f5ned meie kasutatavad k\u00fcpsised kustutatakse p\u00e4rast brauseri sulgemist (nn seansik\u00fcpsised). M\u00f5ned j\u00e4\u00e4vad teie seadmesse ja lasevad meil teie brauserit \u00e4ra tunda (alalised k\u00fcpsised).<\/p>\n<p>Kasutame 1) h\u00e4davajalikke k\u00fcpsiseid: veebilehe v\u00f5i teenuste pakkumiseks h\u00e4davajalikud, n\u00e4iteks kasutajate autentimiseks ja tuvastamiseks, kui veebilehel on autentimisn\u00f5ue; 2) anal\u00fc\u00fctilisi k\u00fcpsiseid, mis v\u00f5imaldavad \u00fclevaadet k\u00fclastuste ja veebiliikluse allikate kohta, mille abil saame m\u00f5\u00f5ta ja parandada oma veebilehe toimivust, n\u00e4itavad meile rohkem ja v\u00e4hem populaaresid lehti ning kuidas k\u00fclastajad meie veebilehel ringi liiguvad \u2013 selline teave on koondatud ja on anon\u00fc\u00fcmne ning kui te keeldute nendest k\u00fcpsistest, siis ei ole meil v\u00f5imalik teada, millal te olete meie veebilehte k\u00fclastanud; 3) funktsionaalsed k\u00fcpsised, mis v\u00f5imaldavad pakkuda meie veebilehel isikup\u00e4rastamist ning need v\u00f5ivad olla m\u00e4\u00e4ratud meie poolt v\u00f5i meie poolt lehtedele lisatud kolmandate isikute poolt (Google Analytics, WordPress). Kolmandate isikute k\u00fcpsistele meil ei ole juurdep\u00e4\u00e4su ja me ei saa kontrollida neid k\u00fcpsiseid ega isikuandmeid, samuti teavet, mida need v\u00f5ivad koguda.<\/p>\n<p>Soovi korral v\u00f5id alati k\u00fcpsised kustutada v\u00f5i blokeerida, kuid seda tehes ei pruugi veebilehe m\u00f5ned funktsioonid t\u00f6\u00f6tada soovitud viisil. K\u00fcpsiste kasutamist saab keelata veebibrauseri seadetes, nii et see automaatselt keeldub k\u00fcpsiste salvestamisest v\u00f5i teavitab teid iga kord, kui veebileht taotleb k\u00fcpsise salvestamist. V\u00f5ite ka kustutada varem salvestatud k\u00fcpsised veebibrauseri seadetes. Lisateave: <a href=\"http:\/\/www.aboutcookies.org\" target=\"_blank\" rel=\"noopener\">www.aboutcookies.org<\/a>.<\/p>\n<p>K\u00fcpsistega seotud informatsiooni ei kasutata sinu isiku tuvastamiseks.<\/p>\n","protected":false},"excerpt":{"rendered":"<p>PRIVAATSUSTINGIMUSED Tere tulemast tutvuma meie privaatsustingimustega. Palun tutvuge meie privaatsustingimustega p\u00f5hjalikult enne meile isikuandmete edastamist ning meiega lepingute s\u00f5lmimist. Meie privaatsustingimused on meiega s\u00f5lmitavate lepingute lahutamatuks osaks. K\u00e4esolevates privaatsustingimustes kirjeldame, kuidas O\u00dc Fund Ehitus ja meie gruppi kuuluvad ettev\u00f5tted t\u00f6\u00f6tlevad Teie isikuandmeid. Isikuandmete t\u00f6\u00f6tlemisel j\u00e4rgime isikuandmete t\u00f6\u00f6tlemise p\u00f5him\u00f5tteid koosk\u00f5las kehtivate \u00f5igusaktidega, sh isikuandmete kaitse \u00fcldm\u00e4\u00e4rusega&hellip; <a class=\"more-link\" href=\"https:\/\/fundehitus.ee\/ru\/privaatsustingimused\/\">Continue reading <span class=\"screen-reader-text\">\u0423\u0441\u043b\u043e\u0432\u0438\u044f \u043f\u0440\u0438\u0432\u0430\u0442\u043d\u043e\u0441\u0442\u0438<\/span><\/a><\/p>\n","protected":false},"author":7,"featured_media":0,"parent":0,"menu_order":0,"comment_status":"closed","ping_status":"closed","template":"","meta":{"_acf_changed":false,"footnotes":""},"class_list":["post-3096","page","type-page","status-publish","hentry","entry"],"acf":[],"yoast_head":"<!-- This site is optimized with the Yoast SEO plugin v26.4 - https:\/\/yoast.com\/wordpress\/plugins\/seo\/ -->\n<title>\u0423\u0441\u043b\u043e\u0432\u0438\u044f \u043f\u0440\u0438\u0432\u0430\u0442\u043d\u043e\u0441\u0442\u0438 - Fundehitus<\/title>\n<meta name=\"robots\" content=\"index, follow, max-snippet:-1, max-image-preview:large, max-video-preview:-1\" \/>\n<link rel=\"canonical\" href=\"https:\/\/fundehitus.ee\/ru\/privaatsustingimused\/\" \/>\n<meta property=\"og:locale\" content=\"ru_RU\" \/>\n<meta property=\"og:type\" content=\"article\" \/>\n<meta property=\"og:title\" content=\"\u0423\u0441\u043b\u043e\u0432\u0438\u044f \u043f\u0440\u0438\u0432\u0430\u0442\u043d\u043e\u0441\u0442\u0438 - Fundehitus\" \/>\n<meta property=\"og:description\" content=\"PRIVAATSUSTINGIMUSED Tere tulemast tutvuma meie privaatsustingimustega. Palun tutvuge meie privaatsustingimustega p\u00f5hjalikult enne meile isikuandmete edastamist ning meiega lepingute s\u00f5lmimist. Meie privaatsustingimused on meiega s\u00f5lmitavate lepingute lahutamatuks osaks. K\u00e4esolevates privaatsustingimustes kirjeldame, kuidas O\u00dc Fund Ehitus ja meie gruppi kuuluvad ettev\u00f5tted t\u00f6\u00f6tlevad Teie isikuandmeid. Isikuandmete t\u00f6\u00f6tlemisel j\u00e4rgime isikuandmete t\u00f6\u00f6tlemise p\u00f5him\u00f5tteid koosk\u00f5las kehtivate \u00f5igusaktidega, sh isikuandmete kaitse \u00fcldm\u00e4\u00e4rusega&hellip; Continue reading \u0423\u0441\u043b\u043e\u0432\u0438\u044f \u043f\u0440\u0438\u0432\u0430\u0442\u043d\u043e\u0441\u0442\u0438\" \/>\n<meta property=\"og:url\" content=\"https:\/\/fundehitus.ee\/ru\/privaatsustingimused\/\" \/>\n<meta property=\"og:site_name\" content=\"Fundehitus\" \/>\n<meta property=\"article:modified_time\" content=\"2023-12-05T09:13:36+00:00\" \/>\n<meta name=\"twitter:card\" content=\"summary_large_image\" \/>\n<meta name=\"twitter:label1\" content=\"Est. reading time\" \/>\n\t<meta name=\"twitter:data1\" content=\"4 minutes\" \/>\n<script type=\"application\/ld+json\" class=\"yoast-schema-graph\">{\"@context\":\"https:\/\/schema.org\",\"@graph\":[{\"@type\":\"WebPage\",\"@id\":\"https:\/\/fundehitus.ee\/ru\/privaatsustingimused\/\",\"url\":\"https:\/\/fundehitus.ee\/ru\/privaatsustingimused\/\",\"name\":\"\u0423\u0441\u043b\u043e\u0432\u0438\u044f \u043f\u0440\u0438\u0432\u0430\u0442\u043d\u043e\u0441\u0442\u0438 - Fundehitus\",\"isPartOf\":{\"@id\":\"https:\/\/fundehitus.ee\/#website\"},\"datePublished\":\"2023-06-09T12:33:53+00:00\",\"dateModified\":\"2023-12-05T09:13:36+00:00\",\"breadcrumb\":{\"@id\":\"https:\/\/fundehitus.ee\/ru\/privaatsustingimused\/#breadcrumb\"},\"inLanguage\":\"ru-RU\",\"potentialAction\":[{\"@type\":\"ReadAction\",\"target\":[\"https:\/\/fundehitus.ee\/ru\/privaatsustingimused\/\"]}]},{\"@type\":\"BreadcrumbList\",\"@id\":\"https:\/\/fundehitus.ee\/ru\/privaatsustingimused\/#breadcrumb\",\"itemListElement\":[{\"@type\":\"ListItem\",\"position\":1,\"name\":\"Home\",\"item\":\"https:\/\/fundehitus.ee\/ru\/\"},{\"@type\":\"ListItem\",\"position\":2,\"name\":\"\u0423\u0441\u043b\u043e\u0432\u0438\u044f \u043f\u0440\u0438\u0432\u0430\u0442\u043d\u043e\u0441\u0442\u0438\"}]},{\"@type\":\"WebSite\",\"@id\":\"https:\/\/fundehitus.ee\/#website\",\"url\":\"https:\/\/fundehitus.ee\/\",\"name\":\"Fund Ehitus\",\"description\":\"\",\"publisher\":{\"@id\":\"https:\/\/fundehitus.ee\/#organization\"},\"potentialAction\":[{\"@type\":\"SearchAction\",\"target\":{\"@type\":\"EntryPoint\",\"urlTemplate\":\"https:\/\/fundehitus.ee\/?s={search_term_string}\"},\"query-input\":{\"@type\":\"PropertyValueSpecification\",\"valueRequired\":true,\"valueName\":\"search_term_string\"}}],\"inLanguage\":\"ru-RU\"},{\"@type\":\"Organization\",\"@id\":\"https:\/\/fundehitus.ee\/#organization\",\"name\":\"Fund Ehitus\",\"url\":\"https:\/\/fundehitus.ee\/\",\"logo\":{\"@type\":\"ImageObject\",\"inLanguage\":\"ru-RU\",\"@id\":\"https:\/\/fundehitus.ee\/#\/schema\/logo\/image\/\",\"url\":\"https:\/\/fundehitus.ee\/wp-content\/uploads\/2023\/06\/logo.svg\",\"contentUrl\":\"https:\/\/fundehitus.ee\/wp-content\/uploads\/2023\/06\/logo.svg\",\"caption\":\"Fund Ehitus\"},\"image\":{\"@id\":\"https:\/\/fundehitus.ee\/#\/schema\/logo\/image\/\"}}]}<\/script>\n<!-- \/ Yoast SEO plugin. -->","yoast_head_json":{"title":"\u0423\u0441\u043b\u043e\u0432\u0438\u044f \u043f\u0440\u0438\u0432\u0430\u0442\u043d\u043e\u0441\u0442\u0438 - Fundehitus","robots":{"index":"index","follow":"follow","max-snippet":"max-snippet:-1","max-image-preview":"max-image-preview:large","max-video-preview":"max-video-preview:-1"},"canonical":"https:\/\/fundehitus.ee\/ru\/privaatsustingimused\/","og_locale":"ru_RU","og_type":"article","og_title":"\u0423\u0441\u043b\u043e\u0432\u0438\u044f \u043f\u0440\u0438\u0432\u0430\u0442\u043d\u043e\u0441\u0442\u0438 - Fundehitus","og_description":"PRIVAATSUSTINGIMUSED Tere tulemast tutvuma meie privaatsustingimustega. Palun tutvuge meie privaatsustingimustega p\u00f5hjalikult enne meile isikuandmete edastamist ning meiega lepingute s\u00f5lmimist. Meie privaatsustingimused on meiega s\u00f5lmitavate lepingute lahutamatuks osaks. K\u00e4esolevates privaatsustingimustes kirjeldame, kuidas O\u00dc Fund Ehitus ja meie gruppi kuuluvad ettev\u00f5tted t\u00f6\u00f6tlevad Teie isikuandmeid. Isikuandmete t\u00f6\u00f6tlemisel j\u00e4rgime isikuandmete t\u00f6\u00f6tlemise p\u00f5him\u00f5tteid koosk\u00f5las kehtivate \u00f5igusaktidega, sh isikuandmete kaitse \u00fcldm\u00e4\u00e4rusega&hellip; Continue reading \u0423\u0441\u043b\u043e\u0432\u0438\u044f \u043f\u0440\u0438\u0432\u0430\u0442\u043d\u043e\u0441\u0442\u0438","og_url":"https:\/\/fundehitus.ee\/ru\/privaatsustingimused\/","og_site_name":"Fundehitus","article_modified_time":"2023-12-05T09:13:36+00:00","twitter_card":"summary_large_image","twitter_misc":{"Est. reading time":"4 minutes"},"schema":{"@context":"https:\/\/schema.org","@graph":[{"@type":"WebPage","@id":"https:\/\/fundehitus.ee\/ru\/privaatsustingimused\/","url":"https:\/\/fundehitus.ee\/ru\/privaatsustingimused\/","name":"\u0423\u0441\u043b\u043e\u0432\u0438\u044f \u043f\u0440\u0438\u0432\u0430\u0442\u043d\u043e\u0441\u0442\u0438 - Fundehitus","isPartOf":{"@id":"https:\/\/fundehitus.ee\/#website"},"datePublished":"2023-06-09T12:33:53+00:00","dateModified":"2023-12-05T09:13:36+00:00","breadcrumb":{"@id":"https:\/\/fundehitus.ee\/ru\/privaatsustingimused\/#breadcrumb"},"inLanguage":"ru-RU","potentialAction":[{"@type":"ReadAction","target":["https:\/\/fundehitus.ee\/ru\/privaatsustingimused\/"]}]},{"@type":"BreadcrumbList","@id":"https:\/\/fundehitus.ee\/ru\/privaatsustingimused\/#breadcrumb","itemListElement":[{"@type":"ListItem","position":1,"name":"Home","item":"https:\/\/fundehitus.ee\/ru\/"},{"@type":"ListItem","position":2,"name":"\u0423\u0441\u043b\u043e\u0432\u0438\u044f \u043f\u0440\u0438\u0432\u0430\u0442\u043d\u043e\u0441\u0442\u0438"}]},{"@type":"WebSite","@id":"https:\/\/fundehitus.ee\/#website","url":"https:\/\/fundehitus.ee\/","name":"Fund Ehitus","description":"","publisher":{"@id":"https:\/\/fundehitus.ee\/#organization"},"potentialAction":[{"@type":"SearchAction","target":{"@type":"EntryPoint","urlTemplate":"https:\/\/fundehitus.ee\/?s={search_term_string}"},"query-input":{"@type":"PropertyValueSpecification","valueRequired":true,"valueName":"search_term_string"}}],"inLanguage":"ru-RU"},{"@type":"Organization","@id":"https:\/\/fundehitus.ee\/#organization","name":"Fund Ehitus","url":"https:\/\/fundehitus.ee\/","logo":{"@type":"ImageObject","inLanguage":"ru-RU","@id":"https:\/\/fundehitus.ee\/#\/schema\/logo\/image\/","url":"https:\/\/fundehitus.ee\/wp-content\/uploads\/2023\/06\/logo.svg","contentUrl":"https:\/\/fundehitus.ee\/wp-content\/uploads\/2023\/06\/logo.svg","caption":"Fund Ehitus"},"image":{"@id":"https:\/\/fundehitus.ee\/#\/schema\/logo\/image\/"}}]}},"_links":{"self":[{"href":"https:\/\/fundehitus.ee\/ru\/wp-json\/wp\/v2\/pages\/3096","targetHints":{"allow":["GET"]}}],"collection":[{"href":"https:\/\/fundehitus.ee\/ru\/wp-json\/wp\/v2\/pages"}],"about":[{"href":"https:\/\/fundehitus.ee\/ru\/wp-json\/wp\/v2\/types\/page"}],"author":[{"embeddable":true,"href":"https:\/\/fundehitus.ee\/ru\/wp-json\/wp\/v2\/users\/7"}],"replies":[{"embeddable":true,"href":"https:\/\/fundehitus.ee\/ru\/wp-json\/wp\/v2\/comments?post=3096"}],"version-history":[{"count":2,"href":"https:\/\/fundehitus.ee\/ru\/wp-json\/wp\/v2\/pages\/3096\/revisions"}],"predecessor-version":[{"id":4233,"href":"https:\/\/fundehitus.ee\/ru\/wp-json\/wp\/v2\/pages\/3096\/revisions\/4233"}],"wp:attachment":[{"href":"https:\/\/fundehitus.ee\/ru\/wp-json\/wp\/v2\/media?parent=3096"}],"curies":[{"name":"wp","href":"https:\/\/api.w.org\/{rel}","templated":true}]}}