{"id":63,"date":"2025-07-07T13:11:34","date_gmt":"2025-07-07T10:11:34","guid":{"rendered":"https:\/\/pre.cdev.ee\/al-mare\/?page_id=63"},"modified":"2025-09-05T11:11:39","modified_gmt":"2025-09-05T08:11:39","slug":"hoonest","status":"publish","type":"page","link":"https:\/\/fundehitus.ee\/almaretorn\/hoonest\/","title":{"rendered":"HOONEST"},"content":{"rendered":"<h2>PILKUP\u00dc\u00dcDEV AL MARE TORN \u2013 MAAM\u00c4RK, MIS T\u00d5STAB ELU JA VAATEHORISONDI UUELE TASEMELE<\/h2>\n<p>AL MARE Torni autoriks on KOKO arhitektid \u2013 rahvusvaheliselt tunnustatud arhitektuurib\u00fcroo, kelle k\u00e4ekirja \u00fchendab tundlik ajalootaju ja julgelt modernne joon.<\/p>\n<p>Hoone kavandamisel oli eesm\u00e4rk luua tugeva ja \u00e4ratuntava iseloomuga maht, millest kujuneb piirkonna maam\u00e4rk. Torn on j\u00f5uline vertikaalne element, mille l\u00f5petab katusel olev skulpturaalne arhitektoon.<\/p>\n<p>\u00c4ri- ja eluhoone fassaadilahendus on eristuv ja silmapaistev. Fassaadide struktuurne \u00fclesehitus toetub kindlale ruudustikule. Fassaadi viimistlus on p\u00f5himahus valgeks v\u00e4rvitud betoonpind. Ruudustiku sees on aknad ja eristuva viimistlusega v\u00e4lissein, mis on kaetud halli vertikaalsete valtsidega fassaadiplaadiga. Akende kompositsiooni ilmestavad vertikaalsed eenduvad betooniribad. Hoone nurkades paiknevad r\u00f5dud, mille nurgad on avatud ning loovad kindlasse struktuuri kerguse.<\/p>\n<p>Esimesel korrusel asuvad kaks \u00e4ripinda, millele on ette n\u00e4htud sissep\u00e4\u00e4sud hoone Paldiski mnt poolsest k\u00fcljest.<br \/>\n2.-3. korrusel paiknevad b\u00fcroopinnad ning 4.-22. korrusel on korterid. Igal korrusel paikneb 5 v\u00f5i 6 korterit. Viimasel korrusel 3 penthouse korterit, millest on eraldi juurdep\u00e4\u00e4s isiklikule katuseterrassile.<\/p>\n<p>Hoone katusel paikneb ka k\u00f5igile elanikele kasutamiseks m\u00f5eldud katuseterrass.<\/p>\n<p>Parkimine on lahendatud torni k\u00f5rval olevas parkimismajas, kust on mugavad p\u00e4\u00e4sud elukorrustele.<\/p>\n","protected":false},"excerpt":{"rendered":"<p>PILKUP\u00dc\u00dcDEV AL MARE TORN \u2013 MAAM\u00c4RK, MIS T\u00d5STAB ELU JA VAATEHORISONDI UUELE TASEMELE AL MARE Torni autoriks on KOKO arhitektid \u2013 rahvusvaheliselt tunnustatud arhitektuurib\u00fcroo, kelle k\u00e4ekirja \u00fchendab tundlik ajalootaju ja julgelt modernne joon. Hoone kavandamisel oli eesm\u00e4rk luua tugeva ja \u00e4ratuntava iseloomuga maht, millest kujuneb piirkonna maam\u00e4rk. Torn on j\u00f5uline vertikaalne element, mille l\u00f5petab katusel&hellip; <a class=\"more-link\" href=\"https:\/\/fundehitus.ee\/almaretorn\/hoonest\/\">Continue reading <span class=\"screen-reader-text\">HOONEST<\/span><\/a><\/p>\n","protected":false},"author":1,"featured_media":921,"parent":0,"menu_order":0,"comment_status":"closed","ping_status":"closed","template":"templates\/construction-info.php","meta":{"_acf_changed":false,"footnotes":""},"class_list":["post-63","page","type-page","status-publish","has-post-thumbnail","hentry","entry"],"acf":[],"yoast_head":"<!-- This site is optimized with the Yoast SEO plugin v25.5 - https:\/\/yoast.com\/wordpress\/plugins\/seo\/ -->\n<title>HOONEST - Al Mare Torn<\/title>\n<meta name=\"robots\" content=\"index, follow, max-snippet:-1, max-image-preview:large, max-video-preview:-1\" \/>\n<link rel=\"canonical\" href=\"https:\/\/fundehitus.ee\/almaretorn\/hoonest\/\" \/>\n<meta property=\"og:locale\" content=\"et_EE\" \/>\n<meta property=\"og:type\" content=\"article\" \/>\n<meta property=\"og:title\" content=\"HOONEST - Al Mare Torn\" \/>\n<meta property=\"og:description\" content=\"PILKUP\u00dc\u00dcDEV AL MARE TORN \u2013 MAAM\u00c4RK, MIS T\u00d5STAB ELU JA VAATEHORISONDI UUELE TASEMELE AL MARE Torni autoriks on KOKO arhitektid \u2013 rahvusvaheliselt tunnustatud arhitektuurib\u00fcroo, kelle k\u00e4ekirja \u00fchendab tundlik ajalootaju ja julgelt modernne joon. Hoone kavandamisel oli eesm\u00e4rk luua tugeva ja \u00e4ratuntava iseloomuga maht, millest kujuneb piirkonna maam\u00e4rk. Torn on j\u00f5uline vertikaalne element, mille l\u00f5petab katusel&hellip; Continue reading HOONEST\" \/>\n<meta property=\"og:url\" content=\"https:\/\/fundehitus.ee\/almaretorn\/hoonest\/\" \/>\n<meta property=\"og:site_name\" content=\"Al Mare Torn\" \/>\n<meta property=\"article:modified_time\" content=\"2025-09-05T08:11:39+00:00\" \/>\n<meta property=\"og:image\" content=\"https:\/\/fundehitus.ee\/almaretorn\/wp-content\/uploads\/2025\/07\/Paldiski-108b_Cam-Balcony_0000-copy.jpg\" \/>\n\t<meta property=\"og:image:width\" content=\"2500\" \/>\n\t<meta property=\"og:image:height\" content=\"1667\" \/>\n\t<meta property=\"og:image:type\" content=\"image\/jpeg\" \/>\n<meta name=\"twitter:card\" content=\"summary_large_image\" \/>\n<meta name=\"twitter:label1\" content=\"Est. reading time\" \/>\n\t<meta name=\"twitter:data1\" content=\"1 minut\" \/>\n<script type=\"application\/ld+json\" class=\"yoast-schema-graph\">{\"@context\":\"https:\/\/schema.org\",\"@graph\":[{\"@type\":\"WebPage\",\"@id\":\"https:\/\/fundehitus.ee\/almaretorn\/hoonest\/\",\"url\":\"https:\/\/fundehitus.ee\/almaretorn\/hoonest\/\",\"name\":\"HOONEST - Al Mare Torn\",\"isPartOf\":{\"@id\":\"https:\/\/fundehitus.ee\/almaretorn\/#website\"},\"primaryImageOfPage\":{\"@id\":\"https:\/\/fundehitus.ee\/almaretorn\/hoonest\/#primaryimage\"},\"image\":{\"@id\":\"https:\/\/fundehitus.ee\/almaretorn\/hoonest\/#primaryimage\"},\"thumbnailUrl\":\"https:\/\/fundehitus.ee\/almaretorn\/wp-content\/uploads\/2025\/07\/Paldiski-108b_Cam-Balcony_0000-copy.jpg\",\"datePublished\":\"2025-07-07T10:11:34+00:00\",\"dateModified\":\"2025-09-05T08:11:39+00:00\",\"inLanguage\":\"et\",\"potentialAction\":[{\"@type\":\"ReadAction\",\"target\":[\"https:\/\/fundehitus.ee\/almaretorn\/hoonest\/\"]}]},{\"@type\":\"ImageObject\",\"inLanguage\":\"et\",\"@id\":\"https:\/\/fundehitus.ee\/almaretorn\/hoonest\/#primaryimage\",\"url\":\"https:\/\/fundehitus.ee\/almaretorn\/wp-content\/uploads\/2025\/07\/Paldiski-108b_Cam-Balcony_0000-copy.jpg\",\"contentUrl\":\"https:\/\/fundehitus.ee\/almaretorn\/wp-content\/uploads\/2025\/07\/Paldiski-108b_Cam-Balcony_0000-copy.jpg\",\"width\":2500,\"height\":1667},{\"@type\":\"WebSite\",\"@id\":\"https:\/\/fundehitus.ee\/almaretorn\/#website\",\"url\":\"https:\/\/fundehitus.ee\/almaretorn\/\",\"name\":\"Al Mare Torn\",\"description\":\"\",\"publisher\":{\"@id\":\"https:\/\/fundehitus.ee\/almaretorn\/#organization\"},\"potentialAction\":[{\"@type\":\"SearchAction\",\"target\":{\"@type\":\"EntryPoint\",\"urlTemplate\":\"https:\/\/fundehitus.ee\/almaretorn\/?s={search_term_string}\"},\"query-input\":{\"@type\":\"PropertyValueSpecification\",\"valueRequired\":true,\"valueName\":\"search_term_string\"}}],\"inLanguage\":\"et\"},{\"@type\":\"Organization\",\"@id\":\"https:\/\/fundehitus.ee\/almaretorn\/#organization\",\"name\":\"Al Mare Torn\",\"url\":\"https:\/\/fundehitus.ee\/almaretorn\/\",\"logo\":{\"@type\":\"ImageObject\",\"inLanguage\":\"et\",\"@id\":\"https:\/\/fundehitus.ee\/almaretorn\/#\/schema\/logo\/image\/\",\"url\":\"https:\/\/fundehitus.ee\/almaretorn\/wp-content\/uploads\/2025\/07\/logo-1.svg\",\"contentUrl\":\"https:\/\/fundehitus.ee\/almaretorn\/wp-content\/uploads\/2025\/07\/logo-1.svg\",\"caption\":\"Al Mare Torn\"},\"image\":{\"@id\":\"https:\/\/fundehitus.ee\/almaretorn\/#\/schema\/logo\/image\/\"}}]}<\/script>\n<!-- \/ Yoast SEO plugin. -->","yoast_head_json":{"title":"HOONEST - Al Mare Torn","robots":{"index":"index","follow":"follow","max-snippet":"max-snippet:-1","max-image-preview":"max-image-preview:large","max-video-preview":"max-video-preview:-1"},"canonical":"https:\/\/fundehitus.ee\/almaretorn\/hoonest\/","og_locale":"et_EE","og_type":"article","og_title":"HOONEST - Al Mare Torn","og_description":"PILKUP\u00dc\u00dcDEV AL MARE TORN \u2013 MAAM\u00c4RK, MIS T\u00d5STAB ELU JA VAATEHORISONDI UUELE TASEMELE AL MARE Torni autoriks on KOKO arhitektid \u2013 rahvusvaheliselt tunnustatud arhitektuurib\u00fcroo, kelle k\u00e4ekirja \u00fchendab tundlik ajalootaju ja julgelt modernne joon. Hoone kavandamisel oli eesm\u00e4rk luua tugeva ja \u00e4ratuntava iseloomuga maht, millest kujuneb piirkonna maam\u00e4rk. Torn on j\u00f5uline vertikaalne element, mille l\u00f5petab katusel&hellip; Continue reading HOONEST","og_url":"https:\/\/fundehitus.ee\/almaretorn\/hoonest\/","og_site_name":"Al Mare Torn","article_modified_time":"2025-09-05T08:11:39+00:00","og_image":[{"width":2500,"height":1667,"url":"https:\/\/fundehitus.ee\/almaretorn\/wp-content\/uploads\/2025\/07\/Paldiski-108b_Cam-Balcony_0000-copy.jpg","type":"image\/jpeg"}],"twitter_card":"summary_large_image","twitter_misc":{"Est. reading time":"1 minut"},"schema":{"@context":"https:\/\/schema.org","@graph":[{"@type":"WebPage","@id":"https:\/\/fundehitus.ee\/almaretorn\/hoonest\/","url":"https:\/\/fundehitus.ee\/almaretorn\/hoonest\/","name":"HOONEST - Al Mare Torn","isPartOf":{"@id":"https:\/\/fundehitus.ee\/almaretorn\/#website"},"primaryImageOfPage":{"@id":"https:\/\/fundehitus.ee\/almaretorn\/hoonest\/#primaryimage"},"image":{"@id":"https:\/\/fundehitus.ee\/almaretorn\/hoonest\/#primaryimage"},"thumbnailUrl":"https:\/\/fundehitus.ee\/almaretorn\/wp-content\/uploads\/2025\/07\/Paldiski-108b_Cam-Balcony_0000-copy.jpg","datePublished":"2025-07-07T10:11:34+00:00","dateModified":"2025-09-05T08:11:39+00:00","inLanguage":"et","potentialAction":[{"@type":"ReadAction","target":["https:\/\/fundehitus.ee\/almaretorn\/hoonest\/"]}]},{"@type":"ImageObject","inLanguage":"et","@id":"https:\/\/fundehitus.ee\/almaretorn\/hoonest\/#primaryimage","url":"https:\/\/fundehitus.ee\/almaretorn\/wp-content\/uploads\/2025\/07\/Paldiski-108b_Cam-Balcony_0000-copy.jpg","contentUrl":"https:\/\/fundehitus.ee\/almaretorn\/wp-content\/uploads\/2025\/07\/Paldiski-108b_Cam-Balcony_0000-copy.jpg","width":2500,"height":1667},{"@type":"WebSite","@id":"https:\/\/fundehitus.ee\/almaretorn\/#website","url":"https:\/\/fundehitus.ee\/almaretorn\/","name":"Al Mare Torn","description":"","publisher":{"@id":"https:\/\/fundehitus.ee\/almaretorn\/#organization"},"potentialAction":[{"@type":"SearchAction","target":{"@type":"EntryPoint","urlTemplate":"https:\/\/fundehitus.ee\/almaretorn\/?s={search_term_string}"},"query-input":{"@type":"PropertyValueSpecification","valueRequired":true,"valueName":"search_term_string"}}],"inLanguage":"et"},{"@type":"Organization","@id":"https:\/\/fundehitus.ee\/almaretorn\/#organization","name":"Al Mare Torn","url":"https:\/\/fundehitus.ee\/almaretorn\/","logo":{"@type":"ImageObject","inLanguage":"et","@id":"https:\/\/fundehitus.ee\/almaretorn\/#\/schema\/logo\/image\/","url":"https:\/\/fundehitus.ee\/almaretorn\/wp-content\/uploads\/2025\/07\/logo-1.svg","contentUrl":"https:\/\/fundehitus.ee\/almaretorn\/wp-content\/uploads\/2025\/07\/logo-1.svg","caption":"Al Mare Torn"},"image":{"@id":"https:\/\/fundehitus.ee\/almaretorn\/#\/schema\/logo\/image\/"}}]}},"_links":{"self":[{"href":"https:\/\/fundehitus.ee\/almaretorn\/wp-json\/wp\/v2\/pages\/63","targetHints":{"allow":["GET"]}}],"collection":[{"href":"https:\/\/fundehitus.ee\/almaretorn\/wp-json\/wp\/v2\/pages"}],"about":[{"href":"https:\/\/fundehitus.ee\/almaretorn\/wp-json\/wp\/v2\/types\/page"}],"author":[{"embeddable":true,"href":"https:\/\/fundehitus.ee\/almaretorn\/wp-json\/wp\/v2\/users\/1"}],"replies":[{"embeddable":true,"href":"https:\/\/fundehitus.ee\/almaretorn\/wp-json\/wp\/v2\/comments?post=63"}],"version-history":[{"count":14,"href":"https:\/\/fundehitus.ee\/almaretorn\/wp-json\/wp\/v2\/pages\/63\/revisions"}],"predecessor-version":[{"id":1220,"href":"https:\/\/fundehitus.ee\/almaretorn\/wp-json\/wp\/v2\/pages\/63\/revisions\/1220"}],"wp:featuredmedia":[{"embeddable":true,"href":"https:\/\/fundehitus.ee\/almaretorn\/wp-json\/wp\/v2\/media\/921"}],"wp:attachment":[{"href":"https:\/\/fundehitus.ee\/almaretorn\/wp-json\/wp\/v2\/media?parent=63"}],"curies":[{"name":"wp","href":"https:\/\/api.w.org\/{rel}","templated":true}]}}