{"id":1011,"date":"2025-07-07T13:11:34","date_gmt":"2025-07-07T10:11:34","guid":{"rendered":"https:\/\/pre.cdev.ee\/al-mare\/hoonest\/"},"modified":"2025-07-24T11:30:07","modified_gmt":"2025-07-24T08:30:07","slug":"about-the-building","status":"publish","type":"page","link":"https:\/\/fundehitus.ee\/almaretorn\/en\/about-the-building\/","title":{"rendered":"ABOUT THE BUILDING"},"content":{"rendered":"<p>&nbsp;<\/p>\n<p>The AL MARE Torn was designed by KOKO Architects \u2013 an internationally recognized architectural firm whose style combines a sensitive awareness of history with boldly modern lines.<\/p>\n<p>The goal in designing the building was to create a strong and distinctive volume that will become a landmark in the area. The tower is a powerful vertical element crowned with a sculptural architectural feature on the roof.<\/p>\n<p>The fa\u00e7ade solution of this commercial and residential building is distinctive and eye-catching. The structural composition of the fa\u00e7ade relies on a clear grid. The main fa\u00e7ade finish is white-painted concrete. Within the grid are windows and exterior walls finished with grey vertical seam fa\u00e7ade panels. The window composition is accented by vertical projecting concrete ribs. At the building\u2019s corners are balconies with open corners, creating a sense of lightness in the rigid structure.<\/p>\n<p>On the ground floor are two commercial premises with entrances from Paldiski Road. Floors 2-3 feature office spaces, while floors 4-22 house apartments. Each floor has 5 or 6 apartments. The top floor features 3 penthouses with separate access to private rooftop terraces.<\/p>\n<p>The roof also includes a shared terrace for all residents.<\/p>\n<p>Parking is arranged in the parking garage next to the tower, providing convenient access to the residential floors.<\/p>\n","protected":false},"excerpt":{"rendered":"<p>&nbsp; The AL MARE Torn was designed by KOKO Architects \u2013 an internationally recognized architectural firm whose style combines a sensitive awareness of history with boldly modern lines. The goal in designing the building was to create a strong and distinctive volume that will become a landmark in the area. The tower is a powerful&hellip; <a class=\"more-link\" href=\"https:\/\/fundehitus.ee\/almaretorn\/en\/about-the-building\/\">Continue reading <span class=\"screen-reader-text\">ABOUT THE BUILDING<\/span><\/a><\/p>\n","protected":false},"author":1,"featured_media":922,"parent":0,"menu_order":0,"comment_status":"closed","ping_status":"closed","template":"templates\/construction-info.php","meta":{"_acf_changed":false,"footnotes":""},"class_list":["post-1011","page","type-page","status-publish","has-post-thumbnail","hentry","entry"],"acf":[],"yoast_head":"<!-- This site is optimized with the Yoast SEO plugin v25.5 - https:\/\/yoast.com\/wordpress\/plugins\/seo\/ -->\n<title>ABOUT THE BUILDING - Al Mare Torn<\/title>\n<meta name=\"robots\" content=\"index, follow, max-snippet:-1, max-image-preview:large, max-video-preview:-1\" \/>\n<link rel=\"canonical\" href=\"https:\/\/fundehitus.ee\/almaretorn\/en\/about-the-building\/\" \/>\n<meta property=\"og:locale\" content=\"en_US\" \/>\n<meta property=\"og:type\" content=\"article\" \/>\n<meta property=\"og:title\" content=\"ABOUT THE BUILDING - Al Mare Torn\" \/>\n<meta property=\"og:description\" content=\"&nbsp; The AL MARE Torn was designed by KOKO Architects \u2013 an internationally recognized architectural firm whose style combines a sensitive awareness of history with boldly modern lines. The goal in designing the building was to create a strong and distinctive volume that will become a landmark in the area. The tower is a powerful&hellip; Continue reading ABOUT THE BUILDING\" \/>\n<meta property=\"og:url\" content=\"https:\/\/fundehitus.ee\/almaretorn\/en\/about-the-building\/\" \/>\n<meta property=\"og:site_name\" content=\"Al Mare Torn\" \/>\n<meta property=\"article:modified_time\" content=\"2025-07-24T08:30:07+00:00\" \/>\n<meta property=\"og:image\" content=\"https:\/\/fundehitus.ee\/almaretorn\/wp-content\/uploads\/2025\/07\/Paldiski-108b_Cam-Balcony_0000-copy.jpg\" \/>\n\t<meta property=\"og:image:width\" content=\"2500\" \/>\n\t<meta property=\"og:image:height\" content=\"1667\" \/>\n\t<meta property=\"og:image:type\" content=\"image\/jpeg\" \/>\n<meta name=\"twitter:card\" content=\"summary_large_image\" \/>\n<meta name=\"twitter:label1\" content=\"Est. reading time\" \/>\n\t<meta name=\"twitter:data1\" content=\"2 minutes\" \/>\n<script type=\"application\/ld+json\" class=\"yoast-schema-graph\">{\"@context\":\"https:\/\/schema.org\",\"@graph\":[{\"@type\":\"WebPage\",\"@id\":\"https:\/\/fundehitus.ee\/almaretorn\/en\/about-the-building\/\",\"url\":\"https:\/\/fundehitus.ee\/almaretorn\/en\/about-the-building\/\",\"name\":\"ABOUT THE BUILDING - Al Mare Torn\",\"isPartOf\":{\"@id\":\"https:\/\/fundehitus.ee\/almaretorn\/#website\"},\"primaryImageOfPage\":{\"@id\":\"https:\/\/fundehitus.ee\/almaretorn\/en\/about-the-building\/#primaryimage\"},\"image\":{\"@id\":\"https:\/\/fundehitus.ee\/almaretorn\/en\/about-the-building\/#primaryimage\"},\"thumbnailUrl\":\"https:\/\/fundehitus.ee\/almaretorn\/wp-content\/uploads\/2025\/07\/Paldiski-108b_Cam-Balcony_0000-copy.jpg\",\"datePublished\":\"2025-07-07T10:11:34+00:00\",\"dateModified\":\"2025-07-24T08:30:07+00:00\",\"inLanguage\":\"en-US\",\"potentialAction\":[{\"@type\":\"ReadAction\",\"target\":[\"https:\/\/fundehitus.ee\/almaretorn\/en\/about-the-building\/\"]}]},{\"@type\":\"ImageObject\",\"inLanguage\":\"en-US\",\"@id\":\"https:\/\/fundehitus.ee\/almaretorn\/en\/about-the-building\/#primaryimage\",\"url\":\"https:\/\/fundehitus.ee\/almaretorn\/wp-content\/uploads\/2025\/07\/Paldiski-108b_Cam-Balcony_0000-copy.jpg\",\"contentUrl\":\"https:\/\/fundehitus.ee\/almaretorn\/wp-content\/uploads\/2025\/07\/Paldiski-108b_Cam-Balcony_0000-copy.jpg\",\"width\":2500,\"height\":1667},{\"@type\":\"WebSite\",\"@id\":\"https:\/\/fundehitus.ee\/almaretorn\/#website\",\"url\":\"https:\/\/fundehitus.ee\/almaretorn\/\",\"name\":\"Al Mare Torn\",\"description\":\"\",\"publisher\":{\"@id\":\"https:\/\/fundehitus.ee\/almaretorn\/#organization\"},\"potentialAction\":[{\"@type\":\"SearchAction\",\"target\":{\"@type\":\"EntryPoint\",\"urlTemplate\":\"https:\/\/fundehitus.ee\/almaretorn\/?s={search_term_string}\"},\"query-input\":{\"@type\":\"PropertyValueSpecification\",\"valueRequired\":true,\"valueName\":\"search_term_string\"}}],\"inLanguage\":\"en-US\"},{\"@type\":\"Organization\",\"@id\":\"https:\/\/fundehitus.ee\/almaretorn\/#organization\",\"name\":\"Al Mare Torn\",\"url\":\"https:\/\/fundehitus.ee\/almaretorn\/\",\"logo\":{\"@type\":\"ImageObject\",\"inLanguage\":\"en-US\",\"@id\":\"https:\/\/fundehitus.ee\/almaretorn\/#\/schema\/logo\/image\/\",\"url\":\"https:\/\/fundehitus.ee\/almaretorn\/wp-content\/uploads\/2025\/07\/logo-1.svg\",\"contentUrl\":\"https:\/\/fundehitus.ee\/almaretorn\/wp-content\/uploads\/2025\/07\/logo-1.svg\",\"caption\":\"Al Mare Torn\"},\"image\":{\"@id\":\"https:\/\/fundehitus.ee\/almaretorn\/#\/schema\/logo\/image\/\"}}]}<\/script>\n<!-- \/ Yoast SEO plugin. -->","yoast_head_json":{"title":"ABOUT THE BUILDING - Al Mare Torn","robots":{"index":"index","follow":"follow","max-snippet":"max-snippet:-1","max-image-preview":"max-image-preview:large","max-video-preview":"max-video-preview:-1"},"canonical":"https:\/\/fundehitus.ee\/almaretorn\/en\/about-the-building\/","og_locale":"en_US","og_type":"article","og_title":"ABOUT THE BUILDING - Al Mare Torn","og_description":"&nbsp; The AL MARE Torn was designed by KOKO Architects \u2013 an internationally recognized architectural firm whose style combines a sensitive awareness of history with boldly modern lines. The goal in designing the building was to create a strong and distinctive volume that will become a landmark in the area. The tower is a powerful&hellip; Continue reading ABOUT THE BUILDING","og_url":"https:\/\/fundehitus.ee\/almaretorn\/en\/about-the-building\/","og_site_name":"Al Mare Torn","article_modified_time":"2025-07-24T08:30:07+00:00","og_image":[{"width":2500,"height":1667,"url":"https:\/\/fundehitus.ee\/almaretorn\/wp-content\/uploads\/2025\/07\/Paldiski-108b_Cam-Balcony_0000-copy.jpg","type":"image\/jpeg"}],"twitter_card":"summary_large_image","twitter_misc":{"Est. reading time":"2 minutes"},"schema":{"@context":"https:\/\/schema.org","@graph":[{"@type":"WebPage","@id":"https:\/\/fundehitus.ee\/almaretorn\/en\/about-the-building\/","url":"https:\/\/fundehitus.ee\/almaretorn\/en\/about-the-building\/","name":"ABOUT THE BUILDING - Al Mare Torn","isPartOf":{"@id":"https:\/\/fundehitus.ee\/almaretorn\/#website"},"primaryImageOfPage":{"@id":"https:\/\/fundehitus.ee\/almaretorn\/en\/about-the-building\/#primaryimage"},"image":{"@id":"https:\/\/fundehitus.ee\/almaretorn\/en\/about-the-building\/#primaryimage"},"thumbnailUrl":"https:\/\/fundehitus.ee\/almaretorn\/wp-content\/uploads\/2025\/07\/Paldiski-108b_Cam-Balcony_0000-copy.jpg","datePublished":"2025-07-07T10:11:34+00:00","dateModified":"2025-07-24T08:30:07+00:00","inLanguage":"en-US","potentialAction":[{"@type":"ReadAction","target":["https:\/\/fundehitus.ee\/almaretorn\/en\/about-the-building\/"]}]},{"@type":"ImageObject","inLanguage":"en-US","@id":"https:\/\/fundehitus.ee\/almaretorn\/en\/about-the-building\/#primaryimage","url":"https:\/\/fundehitus.ee\/almaretorn\/wp-content\/uploads\/2025\/07\/Paldiski-108b_Cam-Balcony_0000-copy.jpg","contentUrl":"https:\/\/fundehitus.ee\/almaretorn\/wp-content\/uploads\/2025\/07\/Paldiski-108b_Cam-Balcony_0000-copy.jpg","width":2500,"height":1667},{"@type":"WebSite","@id":"https:\/\/fundehitus.ee\/almaretorn\/#website","url":"https:\/\/fundehitus.ee\/almaretorn\/","name":"Al Mare Torn","description":"","publisher":{"@id":"https:\/\/fundehitus.ee\/almaretorn\/#organization"},"potentialAction":[{"@type":"SearchAction","target":{"@type":"EntryPoint","urlTemplate":"https:\/\/fundehitus.ee\/almaretorn\/?s={search_term_string}"},"query-input":{"@type":"PropertyValueSpecification","valueRequired":true,"valueName":"search_term_string"}}],"inLanguage":"en-US"},{"@type":"Organization","@id":"https:\/\/fundehitus.ee\/almaretorn\/#organization","name":"Al Mare Torn","url":"https:\/\/fundehitus.ee\/almaretorn\/","logo":{"@type":"ImageObject","inLanguage":"en-US","@id":"https:\/\/fundehitus.ee\/almaretorn\/#\/schema\/logo\/image\/","url":"https:\/\/fundehitus.ee\/almaretorn\/wp-content\/uploads\/2025\/07\/logo-1.svg","contentUrl":"https:\/\/fundehitus.ee\/almaretorn\/wp-content\/uploads\/2025\/07\/logo-1.svg","caption":"Al Mare Torn"},"image":{"@id":"https:\/\/fundehitus.ee\/almaretorn\/#\/schema\/logo\/image\/"}}]}},"_links":{"self":[{"href":"https:\/\/fundehitus.ee\/almaretorn\/en\/wp-json\/wp\/v2\/pages\/1011","targetHints":{"allow":["GET"]}}],"collection":[{"href":"https:\/\/fundehitus.ee\/almaretorn\/en\/wp-json\/wp\/v2\/pages"}],"about":[{"href":"https:\/\/fundehitus.ee\/almaretorn\/en\/wp-json\/wp\/v2\/types\/page"}],"author":[{"embeddable":true,"href":"https:\/\/fundehitus.ee\/almaretorn\/en\/wp-json\/wp\/v2\/users\/1"}],"replies":[{"embeddable":true,"href":"https:\/\/fundehitus.ee\/almaretorn\/en\/wp-json\/wp\/v2\/comments?post=1011"}],"version-history":[{"count":3,"href":"https:\/\/fundehitus.ee\/almaretorn\/en\/wp-json\/wp\/v2\/pages\/1011\/revisions"}],"predecessor-version":[{"id":1020,"href":"https:\/\/fundehitus.ee\/almaretorn\/en\/wp-json\/wp\/v2\/pages\/1011\/revisions\/1020"}],"wp:featuredmedia":[{"embeddable":true,"href":"https:\/\/fundehitus.ee\/almaretorn\/en\/wp-json\/wp\/v2\/media\/922"}],"wp:attachment":[{"href":"https:\/\/fundehitus.ee\/almaretorn\/en\/wp-json\/wp\/v2\/media?parent=1011"}],"curies":[{"name":"wp","href":"https:\/\/api.w.org\/{rel}","templated":true}]}}